{"id":220,"date":"2017-10-08T09:30:21","date_gmt":"2017-10-08T09:30:21","guid":{"rendered":"http:\/\/b-k-h.ch\/?page_id=220"},"modified":"2017-12-09T14:44:02","modified_gmt":"2017-12-09T14:44:02","slug":"waldpflege","status":"publish","type":"page","link":"https:\/\/b-k-h.ch\/index.php\/kommunalarbeiten\/waldpflege\/","title":{"rendered":"Waldpflege"},"content":{"rendered":"<h2 style=\"text-align: center;\">Waldpflege<\/h2>\n<h3 style=\"text-align: center;\">Wir verrichten f\u00fcr Sie folgende Arbeiten:<\/h3>\n<h5 style=\"text-align: center;\">Waldr\u00e4nder aufst\u00fccken<\/h5>\n<div id=\"attachment_223\" style=\"width: 310px\" class=\"wp-caption alignleft\"><a href=\"https:\/\/b-k-h.ch\/wp-content\/uploads\/2017\/10\/ja-272-e1507454837850.jpg\" target=\"_blank\" rel=\"noopener\"><img loading=\"lazy\" decoding=\"async\" aria-describedby=\"caption-attachment-223\" class=\"wp-image-223 size-medium\" src=\"https:\/\/b-k-h.ch\/wp-content\/uploads\/2017\/10\/ja-272-300x225.jpg\" alt=\"\" width=\"300\" height=\"225\" \/><\/a><p id=\"caption-attachment-223\" class=\"wp-caption-text\">Auslegem\u00e4her mit Mulchger\u00e4t ausger\u00fcstet<\/p><\/div>\n<div id=\"attachment_232\" style=\"width: 310px\" class=\"wp-caption alignright\"><a href=\"https:\/\/b-k-h.ch\/wp-content\/uploads\/2017\/10\/egger-132-e1507455752166.jpg\" target=\"_blank\" rel=\"noopener\"><img loading=\"lazy\" decoding=\"async\" aria-describedby=\"caption-attachment-232\" class=\"wp-image-232 size-medium\" src=\"https:\/\/b-k-h.ch\/wp-content\/uploads\/2017\/10\/egger-132-300x225.jpg\" alt=\"\" width=\"300\" height=\"225\" \/><\/a><p id=\"caption-attachment-232\" class=\"wp-caption-text\">Aufst\u00fccken mit Asts\u00e4ge am Auslegem\u00e4her<\/p><\/div>\n<p>&nbsp;<\/p>\n<p>&nbsp;<\/p>\n<p style=\"text-align: center;\">Unser Auslegem\u00e4her kann mit einer Asts\u00e4ge ausgestattet werden. Damit St\u00fccken wir sauber und effizient Waldr\u00e4nder auf und machen \u00fcberwachsense Strassen wieder frei.<\/p>\n<p style=\"text-align: center;\">Bei leichtem Geb\u00fcsch kommt das Schlegelmulchger\u00e4t zum Einsatz.<\/p>\n<p>&nbsp;<\/p>\n<p>&nbsp;<\/p>\n<h5><\/h5>\n<h5><\/h5>\n<h5 style=\"text-align: center;\">Pflegearbeiten<\/h5>\n<p>&nbsp;<\/p>\n<div id=\"attachment_235\" style=\"width: 310px\" class=\"wp-caption alignleft\"><a href=\"https:\/\/b-k-h.ch\/wp-content\/uploads\/2017\/10\/2014-2015-042-e1507456552192.jpg\"><img loading=\"lazy\" decoding=\"async\" aria-describedby=\"caption-attachment-235\" class=\"size-medium wp-image-235\" src=\"https:\/\/b-k-h.ch\/wp-content\/uploads\/2017\/10\/2014-2015-042-300x225.jpg\" alt=\"\" width=\"300\" height=\"225\" \/><\/a><p id=\"caption-attachment-235\" class=\"wp-caption-text\">Geb\u00fcsch entfernen mit dem Ferngesteuerten Raupenmulcher<\/p><\/div>\n<div id=\"attachment_237\" style=\"width: 310px\" class=\"wp-caption alignright\"><a href=\"https:\/\/b-k-h.ch\/wp-content\/uploads\/2017\/10\/Irus-1-003-e1507457393174.jpg\"><img loading=\"lazy\" decoding=\"async\" aria-describedby=\"caption-attachment-237\" class=\"size-medium wp-image-237\" src=\"https:\/\/b-k-h.ch\/wp-content\/uploads\/2017\/10\/Irus-1-003-300x225.jpg\" alt=\"\" width=\"300\" height=\"225\" \/><\/a><p id=\"caption-attachment-237\" class=\"wp-caption-text\">Verwachsene Gartenanlage sanieren<\/p><\/div>\n<p style=\"text-align: center;\">Wir entfernen f\u00fcr Sie unerw\u00fcnschte Stauden und Geb\u00fcsche. Auch Dornenplflanzen wie Brombeeren sind f\u00fcr uns kein Problem. Mit unsseren modernen Kleinger\u00e4ten und dem ferngesteuerten Raupenmulcher\u00a0 s\u00e4ubern wir Jungw\u00fcchse, Waldr\u00e4nder oder auch verwachsene Gartenanlagen sicher und sauber.<\/p>\n<p>&nbsp;<\/p>\n<p>&nbsp;<\/p>\n<p>&nbsp;<\/p>\n<p>&nbsp;<\/p>\n<p>&nbsp;<\/p>\n<p>&nbsp;<\/p>\n<p>&nbsp;<\/p>\n<div id=\"attachment_236\" style=\"width: 310px\" class=\"wp-caption aligncenter\"><a href=\"https:\/\/b-k-h.ch\/wp-content\/uploads\/2017\/10\/20170930_123708-e1507457199979.jpg\"><img loading=\"lazy\" decoding=\"async\" aria-describedby=\"caption-attachment-236\" class=\"size-medium wp-image-236\" src=\"https:\/\/b-k-h.ch\/wp-content\/uploads\/2017\/10\/20170930_123708-300x169.jpg\" alt=\"\" width=\"300\" height=\"169\" \/><\/a><p id=\"caption-attachment-236\" class=\"wp-caption-text\">Moderne Kleinger\u00e4te f\u00fcr Pflegearbeiten<\/p><\/div>\n","protected":false},"excerpt":{"rendered":"<p>Waldpflege Wir verrichten f\u00fcr Sie folgende Arbeiten: Waldr\u00e4nder aufst\u00fccken &nbsp; &nbsp; Unser Auslegem\u00e4her kann mit einer Asts\u00e4ge ausgestattet werden. Damit St\u00fccken wir sauber und effizient Waldr\u00e4nder auf und machen \u00fcberwachsense Strassen wieder frei. Bei leichtem Geb\u00fcsch kommt das Schlegelmulchger\u00e4t zum Einsatz. &nbsp; &nbsp; Pflegearbeiten &nbsp; Wir entfernen f\u00fcr Sie unerw\u00fcnschte<\/p>\n","protected":false},"author":1,"featured_media":0,"parent":179,"menu_order":0,"comment_status":"closed","ping_status":"closed","template":"fullwidth.php","meta":{"footnotes":""},"yoast_head":"<!-- This site is optimized with the Yoast SEO plugin v22.7 - https:\/\/yoast.com\/wordpress\/plugins\/seo\/ -->\n<title>Waldpflege - BKH GmbH<\/title>\n<meta name=\"robots\" content=\"index, follow, max-snippet:-1, max-image-preview:large, max-video-preview:-1\" \/>\n<link rel=\"canonical\" href=\"https:\/\/b-k-h.ch\/index.php\/kommunalarbeiten\/waldpflege\/\" \/>\n<meta property=\"og:locale\" content=\"de_DE\" \/>\n<meta property=\"og:type\" content=\"article\" \/>\n<meta property=\"og:title\" content=\"Waldpflege - BKH GmbH\" \/>\n<meta property=\"og:description\" content=\"Waldpflege Wir verrichten f\u00fcr Sie folgende Arbeiten: Waldr\u00e4nder aufst\u00fccken &nbsp; &nbsp; Unser Auslegem\u00e4her kann mit einer Asts\u00e4ge ausgestattet werden. Damit St\u00fccken wir sauber und effizient Waldr\u00e4nder auf und machen \u00fcberwachsense Strassen wieder frei. Bei leichtem Geb\u00fcsch kommt das Schlegelmulchger\u00e4t zum Einsatz. &nbsp; &nbsp; Pflegearbeiten &nbsp; Wir entfernen f\u00fcr Sie unerw\u00fcnschte\" \/>\n<meta property=\"og:url\" content=\"https:\/\/b-k-h.ch\/index.php\/kommunalarbeiten\/waldpflege\/\" \/>\n<meta property=\"og:site_name\" content=\"BKH GmbH\" \/>\n<meta property=\"article:publisher\" content=\"https:\/\/b-k-h.ch\" \/>\n<meta property=\"article:modified_time\" content=\"2017-12-09T14:44:02+00:00\" \/>\n<meta property=\"og:image\" content=\"https:\/\/b-k-h.ch\/wp-content\/uploads\/2017\/10\/ja-272-300x225.jpg\" \/>\n<meta name=\"twitter:card\" content=\"summary_large_image\" \/>\n<meta name=\"twitter:label1\" content=\"Gesch\u00e4tzte Lesezeit\" \/>\n\t<meta name=\"twitter:data1\" content=\"1\u00a0Minute\" \/>\n<script type=\"application\/ld+json\" class=\"yoast-schema-graph\">{\"@context\":\"https:\/\/schema.org\",\"@graph\":[{\"@type\":\"WebPage\",\"@id\":\"https:\/\/b-k-h.ch\/index.php\/kommunalarbeiten\/waldpflege\/\",\"url\":\"https:\/\/b-k-h.ch\/index.php\/kommunalarbeiten\/waldpflege\/\",\"name\":\"Waldpflege - BKH GmbH\",\"isPartOf\":{\"@id\":\"https:\/\/b-k-h.ch\/#website\"},\"primaryImageOfPage\":{\"@id\":\"https:\/\/b-k-h.ch\/index.php\/kommunalarbeiten\/waldpflege\/#primaryimage\"},\"image\":{\"@id\":\"https:\/\/b-k-h.ch\/index.php\/kommunalarbeiten\/waldpflege\/#primaryimage\"},\"thumbnailUrl\":\"https:\/\/b-k-h.ch\/wp-content\/uploads\/2017\/10\/ja-272-300x225.jpg\",\"datePublished\":\"2017-10-08T09:30:21+00:00\",\"dateModified\":\"2017-12-09T14:44:02+00:00\",\"breadcrumb\":{\"@id\":\"https:\/\/b-k-h.ch\/index.php\/kommunalarbeiten\/waldpflege\/#breadcrumb\"},\"inLanguage\":\"de\",\"potentialAction\":[{\"@type\":\"ReadAction\",\"target\":[\"https:\/\/b-k-h.ch\/index.php\/kommunalarbeiten\/waldpflege\/\"]}]},{\"@type\":\"ImageObject\",\"inLanguage\":\"de\",\"@id\":\"https:\/\/b-k-h.ch\/index.php\/kommunalarbeiten\/waldpflege\/#primaryimage\",\"url\":\"https:\/\/b-k-h.ch\/wp-content\/uploads\/2017\/10\/ja-272-300x225.jpg\",\"contentUrl\":\"https:\/\/b-k-h.ch\/wp-content\/uploads\/2017\/10\/ja-272-300x225.jpg\"},{\"@type\":\"BreadcrumbList\",\"@id\":\"https:\/\/b-k-h.ch\/index.php\/kommunalarbeiten\/waldpflege\/#breadcrumb\",\"itemListElement\":[{\"@type\":\"ListItem\",\"position\":1,\"name\":\"Startseite\",\"item\":\"https:\/\/b-k-h.ch\/\"},{\"@type\":\"ListItem\",\"position\":2,\"name\":\"Kommunalarbeiten\",\"item\":\"https:\/\/b-k-h.ch\/index.php\/kommunalarbeiten\/\"},{\"@type\":\"ListItem\",\"position\":3,\"name\":\"Waldpflege\"}]},{\"@type\":\"WebSite\",\"@id\":\"https:\/\/b-k-h.ch\/#website\",\"url\":\"https:\/\/b-k-h.ch\/\",\"name\":\"BKH GmbH\",\"description\":\"BKH Kommunal- und Lohnarbeiten\",\"publisher\":{\"@id\":\"https:\/\/b-k-h.ch\/#organization\"},\"potentialAction\":[{\"@type\":\"SearchAction\",\"target\":{\"@type\":\"EntryPoint\",\"urlTemplate\":\"https:\/\/b-k-h.ch\/?s={search_term_string}\"},\"query-input\":\"required name=search_term_string\"}],\"inLanguage\":\"de\"},{\"@type\":\"Organization\",\"@id\":\"https:\/\/b-k-h.ch\/#organization\",\"name\":\"BKH GmbH\",\"url\":\"https:\/\/b-k-h.ch\/\",\"logo\":{\"@type\":\"ImageObject\",\"inLanguage\":\"de\",\"@id\":\"https:\/\/b-k-h.ch\/#\/schema\/logo\/image\/\",\"url\":\"https:\/\/b-k-h.ch\/wp-content\/uploads\/2017\/10\/cropped-Logo_BKH_Q.jpg\",\"contentUrl\":\"https:\/\/b-k-h.ch\/wp-content\/uploads\/2017\/10\/cropped-Logo_BKH_Q.jpg\",\"width\":512,\"height\":512,\"caption\":\"BKH GmbH\"},\"image\":{\"@id\":\"https:\/\/b-k-h.ch\/#\/schema\/logo\/image\/\"},\"sameAs\":[\"https:\/\/b-k-h.ch\"]}]}<\/script>\n<!-- \/ Yoast SEO plugin. -->","yoast_head_json":{"title":"Waldpflege - BKH GmbH","robots":{"index":"index","follow":"follow","max-snippet":"max-snippet:-1","max-image-preview":"max-image-preview:large","max-video-preview":"max-video-preview:-1"},"canonical":"https:\/\/b-k-h.ch\/index.php\/kommunalarbeiten\/waldpflege\/","og_locale":"de_DE","og_type":"article","og_title":"Waldpflege - BKH GmbH","og_description":"Waldpflege Wir verrichten f\u00fcr Sie folgende Arbeiten: Waldr\u00e4nder aufst\u00fccken &nbsp; &nbsp; Unser Auslegem\u00e4her kann mit einer Asts\u00e4ge ausgestattet werden. Damit St\u00fccken wir sauber und effizient Waldr\u00e4nder auf und machen \u00fcberwachsense Strassen wieder frei. Bei leichtem Geb\u00fcsch kommt das Schlegelmulchger\u00e4t zum Einsatz. &nbsp; &nbsp; Pflegearbeiten &nbsp; Wir entfernen f\u00fcr Sie unerw\u00fcnschte","og_url":"https:\/\/b-k-h.ch\/index.php\/kommunalarbeiten\/waldpflege\/","og_site_name":"BKH GmbH","article_publisher":"https:\/\/b-k-h.ch","article_modified_time":"2017-12-09T14:44:02+00:00","og_image":[{"url":"https:\/\/b-k-h.ch\/wp-content\/uploads\/2017\/10\/ja-272-300x225.jpg"}],"twitter_card":"summary_large_image","twitter_misc":{"Gesch\u00e4tzte Lesezeit":"1\u00a0Minute"},"schema":{"@context":"https:\/\/schema.org","@graph":[{"@type":"WebPage","@id":"https:\/\/b-k-h.ch\/index.php\/kommunalarbeiten\/waldpflege\/","url":"https:\/\/b-k-h.ch\/index.php\/kommunalarbeiten\/waldpflege\/","name":"Waldpflege - BKH GmbH","isPartOf":{"@id":"https:\/\/b-k-h.ch\/#website"},"primaryImageOfPage":{"@id":"https:\/\/b-k-h.ch\/index.php\/kommunalarbeiten\/waldpflege\/#primaryimage"},"image":{"@id":"https:\/\/b-k-h.ch\/index.php\/kommunalarbeiten\/waldpflege\/#primaryimage"},"thumbnailUrl":"https:\/\/b-k-h.ch\/wp-content\/uploads\/2017\/10\/ja-272-300x225.jpg","datePublished":"2017-10-08T09:30:21+00:00","dateModified":"2017-12-09T14:44:02+00:00","breadcrumb":{"@id":"https:\/\/b-k-h.ch\/index.php\/kommunalarbeiten\/waldpflege\/#breadcrumb"},"inLanguage":"de","potentialAction":[{"@type":"ReadAction","target":["https:\/\/b-k-h.ch\/index.php\/kommunalarbeiten\/waldpflege\/"]}]},{"@type":"ImageObject","inLanguage":"de","@id":"https:\/\/b-k-h.ch\/index.php\/kommunalarbeiten\/waldpflege\/#primaryimage","url":"https:\/\/b-k-h.ch\/wp-content\/uploads\/2017\/10\/ja-272-300x225.jpg","contentUrl":"https:\/\/b-k-h.ch\/wp-content\/uploads\/2017\/10\/ja-272-300x225.jpg"},{"@type":"BreadcrumbList","@id":"https:\/\/b-k-h.ch\/index.php\/kommunalarbeiten\/waldpflege\/#breadcrumb","itemListElement":[{"@type":"ListItem","position":1,"name":"Startseite","item":"https:\/\/b-k-h.ch\/"},{"@type":"ListItem","position":2,"name":"Kommunalarbeiten","item":"https:\/\/b-k-h.ch\/index.php\/kommunalarbeiten\/"},{"@type":"ListItem","position":3,"name":"Waldpflege"}]},{"@type":"WebSite","@id":"https:\/\/b-k-h.ch\/#website","url":"https:\/\/b-k-h.ch\/","name":"BKH GmbH","description":"BKH Kommunal- und Lohnarbeiten","publisher":{"@id":"https:\/\/b-k-h.ch\/#organization"},"potentialAction":[{"@type":"SearchAction","target":{"@type":"EntryPoint","urlTemplate":"https:\/\/b-k-h.ch\/?s={search_term_string}"},"query-input":"required name=search_term_string"}],"inLanguage":"de"},{"@type":"Organization","@id":"https:\/\/b-k-h.ch\/#organization","name":"BKH GmbH","url":"https:\/\/b-k-h.ch\/","logo":{"@type":"ImageObject","inLanguage":"de","@id":"https:\/\/b-k-h.ch\/#\/schema\/logo\/image\/","url":"https:\/\/b-k-h.ch\/wp-content\/uploads\/2017\/10\/cropped-Logo_BKH_Q.jpg","contentUrl":"https:\/\/b-k-h.ch\/wp-content\/uploads\/2017\/10\/cropped-Logo_BKH_Q.jpg","width":512,"height":512,"caption":"BKH GmbH"},"image":{"@id":"https:\/\/b-k-h.ch\/#\/schema\/logo\/image\/"},"sameAs":["https:\/\/b-k-h.ch"]}]}},"_links":{"self":[{"href":"https:\/\/b-k-h.ch\/index.php\/wp-json\/wp\/v2\/pages\/220"}],"collection":[{"href":"https:\/\/b-k-h.ch\/index.php\/wp-json\/wp\/v2\/pages"}],"about":[{"href":"https:\/\/b-k-h.ch\/index.php\/wp-json\/wp\/v2\/types\/page"}],"author":[{"embeddable":true,"href":"https:\/\/b-k-h.ch\/index.php\/wp-json\/wp\/v2\/users\/1"}],"replies":[{"embeddable":true,"href":"https:\/\/b-k-h.ch\/index.php\/wp-json\/wp\/v2\/comments?post=220"}],"version-history":[{"count":17,"href":"https:\/\/b-k-h.ch\/index.php\/wp-json\/wp\/v2\/pages\/220\/revisions"}],"predecessor-version":[{"id":253,"href":"https:\/\/b-k-h.ch\/index.php\/wp-json\/wp\/v2\/pages\/220\/revisions\/253"}],"up":[{"embeddable":true,"href":"https:\/\/b-k-h.ch\/index.php\/wp-json\/wp\/v2\/pages\/179"}],"wp:attachment":[{"href":"https:\/\/b-k-h.ch\/index.php\/wp-json\/wp\/v2\/media?parent=220"}],"curies":[{"name":"wp","href":"https:\/\/api.w.org\/{rel}","templated":true}]}}