{"id":123,"date":"2017-10-03T21:16:29","date_gmt":"2017-10-03T21:16:29","guid":{"rendered":"http:\/\/b-k-h.ch\/?page_id=123"},"modified":"2017-10-03T21:23:19","modified_gmt":"2017-10-03T21:23:19","slug":"landw-lohnarbeiten","status":"publish","type":"page","link":"https:\/\/b-k-h.ch\/index.php\/landw-lohnarbeiten\/","title":{"rendered":"Landw. Lohnarbeiten"},"content":{"rendered":"<h2 style=\"text-align: center;\">Landwirtschaftliche Lohnarbeiten<\/h2>\n<h5 style=\"text-align: center;\">Mit einem umfangreichen Maschinenpark haben wir alles um Sie gut zu betreuen.<\/h5>\n<h3 style=\"text-align: center;\">S\u00e4en<\/h3>\n<p style=\"text-align: center;\">Wir s\u00e4en mit unseren Eeinzelkorns\u00e4hmaschinen alle g\u00e4ngigen Kulturen. Diverse Abst\u00e4nde und Fahrgassen m\u00f6glich.<\/p>\n<p style=\"text-align: center;\">Ebenfalls bieten wir bodenschonendes S\u00e4en mit Direkts\u00e4maschinen und Strip-Till<\/p>\n<h3 style=\"text-align: center;\">M\u00e4harbeiten<\/h3>\n<p style=\"text-align: center;\">Mit einem ferngesteuerten Raupen-Ger\u00e4tetr\u00e4ger m\u00e4hen oder mulchen wir H\u00e4nge und unzug\u00e4ngliche Stellen bis 50\u00b0 Hangneigung. Mit unserem B\u00f6schungsm\u00e4her k\u00f6nnen wir ebenfalls sicher m\u00e4hen oder Waldr\u00e4nder aufst\u00fccken.<\/p>\n<h3 style=\"text-align: center;\">Weitere Dienstleistungen<\/h3>\n<p style=\"text-align: center;\">Mit unserem Schleppschlauch-G\u00fcllefass bringen wir f\u00fcr Sie G\u00fclle geruchsarm und mit weniger Stickstoffverlust aus.<\/p>\n","protected":false},"excerpt":{"rendered":"<p>Landwirtschaftliche Lohnarbeiten Mit einem umfangreichen Maschinenpark haben wir alles um Sie gut zu betreuen. S\u00e4en Wir s\u00e4en mit unseren Eeinzelkorns\u00e4hmaschinen alle g\u00e4ngigen Kulturen. Diverse Abst\u00e4nde und Fahrgassen m\u00f6glich. Ebenfalls bieten wir bodenschonendes S\u00e4en mit Direkts\u00e4maschinen und Strip-Till M\u00e4harbeiten Mit einem ferngesteuerten Raupen-Ger\u00e4tetr\u00e4ger m\u00e4hen oder mulchen wir H\u00e4nge und unzug\u00e4ngliche Stellen<\/p>\n","protected":false},"author":1,"featured_media":0,"parent":0,"menu_order":0,"comment_status":"closed","ping_status":"closed","template":"fullwidth.php","meta":{"footnotes":""},"yoast_head":"<!-- This site is optimized with the Yoast SEO plugin v22.7 - https:\/\/yoast.com\/wordpress\/plugins\/seo\/ -->\n<title>Landw. Lohnarbeiten - BKH GmbH<\/title>\n<meta name=\"robots\" content=\"index, follow, max-snippet:-1, max-image-preview:large, max-video-preview:-1\" \/>\n<link rel=\"canonical\" href=\"https:\/\/b-k-h.ch\/index.php\/landw-lohnarbeiten\/\" \/>\n<meta property=\"og:locale\" content=\"de_DE\" \/>\n<meta property=\"og:type\" content=\"article\" \/>\n<meta property=\"og:title\" content=\"Landw. Lohnarbeiten - BKH GmbH\" \/>\n<meta property=\"og:description\" content=\"Landwirtschaftliche Lohnarbeiten Mit einem umfangreichen Maschinenpark haben wir alles um Sie gut zu betreuen. S\u00e4en Wir s\u00e4en mit unseren Eeinzelkorns\u00e4hmaschinen alle g\u00e4ngigen Kulturen. Diverse Abst\u00e4nde und Fahrgassen m\u00f6glich. Ebenfalls bieten wir bodenschonendes S\u00e4en mit Direkts\u00e4maschinen und Strip-Till M\u00e4harbeiten Mit einem ferngesteuerten Raupen-Ger\u00e4tetr\u00e4ger m\u00e4hen oder mulchen wir H\u00e4nge und unzug\u00e4ngliche Stellen\" \/>\n<meta property=\"og:url\" content=\"https:\/\/b-k-h.ch\/index.php\/landw-lohnarbeiten\/\" \/>\n<meta property=\"og:site_name\" content=\"BKH GmbH\" \/>\n<meta property=\"article:publisher\" content=\"https:\/\/b-k-h.ch\" \/>\n<meta property=\"article:modified_time\" content=\"2017-10-03T21:23:19+00:00\" \/>\n<meta name=\"twitter:card\" content=\"summary_large_image\" \/>\n<meta name=\"twitter:label1\" content=\"Gesch\u00e4tzte Lesezeit\" \/>\n\t<meta name=\"twitter:data1\" content=\"1\u00a0Minute\" \/>\n<script type=\"application\/ld+json\" class=\"yoast-schema-graph\">{\"@context\":\"https:\/\/schema.org\",\"@graph\":[{\"@type\":\"WebPage\",\"@id\":\"https:\/\/b-k-h.ch\/index.php\/landw-lohnarbeiten\/\",\"url\":\"https:\/\/b-k-h.ch\/index.php\/landw-lohnarbeiten\/\",\"name\":\"Landw. Lohnarbeiten - BKH GmbH\",\"isPartOf\":{\"@id\":\"https:\/\/b-k-h.ch\/#website\"},\"datePublished\":\"2017-10-03T21:16:29+00:00\",\"dateModified\":\"2017-10-03T21:23:19+00:00\",\"breadcrumb\":{\"@id\":\"https:\/\/b-k-h.ch\/index.php\/landw-lohnarbeiten\/#breadcrumb\"},\"inLanguage\":\"de\",\"potentialAction\":[{\"@type\":\"ReadAction\",\"target\":[\"https:\/\/b-k-h.ch\/index.php\/landw-lohnarbeiten\/\"]}]},{\"@type\":\"BreadcrumbList\",\"@id\":\"https:\/\/b-k-h.ch\/index.php\/landw-lohnarbeiten\/#breadcrumb\",\"itemListElement\":[{\"@type\":\"ListItem\",\"position\":1,\"name\":\"Startseite\",\"item\":\"https:\/\/b-k-h.ch\/\"},{\"@type\":\"ListItem\",\"position\":2,\"name\":\"Landw. Lohnarbeiten\"}]},{\"@type\":\"WebSite\",\"@id\":\"https:\/\/b-k-h.ch\/#website\",\"url\":\"https:\/\/b-k-h.ch\/\",\"name\":\"BKH GmbH\",\"description\":\"BKH Kommunal- und Lohnarbeiten\",\"publisher\":{\"@id\":\"https:\/\/b-k-h.ch\/#organization\"},\"potentialAction\":[{\"@type\":\"SearchAction\",\"target\":{\"@type\":\"EntryPoint\",\"urlTemplate\":\"https:\/\/b-k-h.ch\/?s={search_term_string}\"},\"query-input\":\"required name=search_term_string\"}],\"inLanguage\":\"de\"},{\"@type\":\"Organization\",\"@id\":\"https:\/\/b-k-h.ch\/#organization\",\"name\":\"BKH GmbH\",\"url\":\"https:\/\/b-k-h.ch\/\",\"logo\":{\"@type\":\"ImageObject\",\"inLanguage\":\"de\",\"@id\":\"https:\/\/b-k-h.ch\/#\/schema\/logo\/image\/\",\"url\":\"https:\/\/b-k-h.ch\/wp-content\/uploads\/2017\/10\/cropped-Logo_BKH_Q.jpg\",\"contentUrl\":\"https:\/\/b-k-h.ch\/wp-content\/uploads\/2017\/10\/cropped-Logo_BKH_Q.jpg\",\"width\":512,\"height\":512,\"caption\":\"BKH GmbH\"},\"image\":{\"@id\":\"https:\/\/b-k-h.ch\/#\/schema\/logo\/image\/\"},\"sameAs\":[\"https:\/\/b-k-h.ch\"]}]}<\/script>\n<!-- \/ Yoast SEO plugin. -->","yoast_head_json":{"title":"Landw. Lohnarbeiten - BKH GmbH","robots":{"index":"index","follow":"follow","max-snippet":"max-snippet:-1","max-image-preview":"max-image-preview:large","max-video-preview":"max-video-preview:-1"},"canonical":"https:\/\/b-k-h.ch\/index.php\/landw-lohnarbeiten\/","og_locale":"de_DE","og_type":"article","og_title":"Landw. Lohnarbeiten - BKH GmbH","og_description":"Landwirtschaftliche Lohnarbeiten Mit einem umfangreichen Maschinenpark haben wir alles um Sie gut zu betreuen. S\u00e4en Wir s\u00e4en mit unseren Eeinzelkorns\u00e4hmaschinen alle g\u00e4ngigen Kulturen. Diverse Abst\u00e4nde und Fahrgassen m\u00f6glich. Ebenfalls bieten wir bodenschonendes S\u00e4en mit Direkts\u00e4maschinen und Strip-Till M\u00e4harbeiten Mit einem ferngesteuerten Raupen-Ger\u00e4tetr\u00e4ger m\u00e4hen oder mulchen wir H\u00e4nge und unzug\u00e4ngliche Stellen","og_url":"https:\/\/b-k-h.ch\/index.php\/landw-lohnarbeiten\/","og_site_name":"BKH GmbH","article_publisher":"https:\/\/b-k-h.ch","article_modified_time":"2017-10-03T21:23:19+00:00","twitter_card":"summary_large_image","twitter_misc":{"Gesch\u00e4tzte Lesezeit":"1\u00a0Minute"},"schema":{"@context":"https:\/\/schema.org","@graph":[{"@type":"WebPage","@id":"https:\/\/b-k-h.ch\/index.php\/landw-lohnarbeiten\/","url":"https:\/\/b-k-h.ch\/index.php\/landw-lohnarbeiten\/","name":"Landw. Lohnarbeiten - BKH GmbH","isPartOf":{"@id":"https:\/\/b-k-h.ch\/#website"},"datePublished":"2017-10-03T21:16:29+00:00","dateModified":"2017-10-03T21:23:19+00:00","breadcrumb":{"@id":"https:\/\/b-k-h.ch\/index.php\/landw-lohnarbeiten\/#breadcrumb"},"inLanguage":"de","potentialAction":[{"@type":"ReadAction","target":["https:\/\/b-k-h.ch\/index.php\/landw-lohnarbeiten\/"]}]},{"@type":"BreadcrumbList","@id":"https:\/\/b-k-h.ch\/index.php\/landw-lohnarbeiten\/#breadcrumb","itemListElement":[{"@type":"ListItem","position":1,"name":"Startseite","item":"https:\/\/b-k-h.ch\/"},{"@type":"ListItem","position":2,"name":"Landw. Lohnarbeiten"}]},{"@type":"WebSite","@id":"https:\/\/b-k-h.ch\/#website","url":"https:\/\/b-k-h.ch\/","name":"BKH GmbH","description":"BKH Kommunal- und Lohnarbeiten","publisher":{"@id":"https:\/\/b-k-h.ch\/#organization"},"potentialAction":[{"@type":"SearchAction","target":{"@type":"EntryPoint","urlTemplate":"https:\/\/b-k-h.ch\/?s={search_term_string}"},"query-input":"required name=search_term_string"}],"inLanguage":"de"},{"@type":"Organization","@id":"https:\/\/b-k-h.ch\/#organization","name":"BKH GmbH","url":"https:\/\/b-k-h.ch\/","logo":{"@type":"ImageObject","inLanguage":"de","@id":"https:\/\/b-k-h.ch\/#\/schema\/logo\/image\/","url":"https:\/\/b-k-h.ch\/wp-content\/uploads\/2017\/10\/cropped-Logo_BKH_Q.jpg","contentUrl":"https:\/\/b-k-h.ch\/wp-content\/uploads\/2017\/10\/cropped-Logo_BKH_Q.jpg","width":512,"height":512,"caption":"BKH GmbH"},"image":{"@id":"https:\/\/b-k-h.ch\/#\/schema\/logo\/image\/"},"sameAs":["https:\/\/b-k-h.ch"]}]}},"_links":{"self":[{"href":"https:\/\/b-k-h.ch\/index.php\/wp-json\/wp\/v2\/pages\/123"}],"collection":[{"href":"https:\/\/b-k-h.ch\/index.php\/wp-json\/wp\/v2\/pages"}],"about":[{"href":"https:\/\/b-k-h.ch\/index.php\/wp-json\/wp\/v2\/types\/page"}],"author":[{"embeddable":true,"href":"https:\/\/b-k-h.ch\/index.php\/wp-json\/wp\/v2\/users\/1"}],"replies":[{"embeddable":true,"href":"https:\/\/b-k-h.ch\/index.php\/wp-json\/wp\/v2\/comments?post=123"}],"version-history":[{"count":4,"href":"https:\/\/b-k-h.ch\/index.php\/wp-json\/wp\/v2\/pages\/123\/revisions"}],"predecessor-version":[{"id":127,"href":"https:\/\/b-k-h.ch\/index.php\/wp-json\/wp\/v2\/pages\/123\/revisions\/127"}],"wp:attachment":[{"href":"https:\/\/b-k-h.ch\/index.php\/wp-json\/wp\/v2\/media?parent=123"}],"curies":[{"name":"wp","href":"https:\/\/api.w.org\/{rel}","templated":true}]}}